{"id":19999,"date":"2023-04-20T12:12:02","date_gmt":"2023-04-20T17:12:02","guid":{"rendered":"https:\/\/cozumelliving.com\/?page_id=19999"},"modified":"2025-05-21T02:35:37","modified_gmt":"2025-05-21T07:35:37","slug":"sobre-nosotros","status":"publish","type":"page","link":"https:\/\/cozumelliving.com\/es\/about-us\/","title":{"rendered":"Sobre nosotros"},"content":{"rendered":"<div data-elementor-type=\"wp-page\" data-elementor-id=\"19999\" class=\"elementor elementor-19999\" data-elementor-post-type=\"page\">\n\t\t\t\t\t\t<section class=\"elementor-section elementor-top-section elementor-element elementor-element-c8a8153 elementor-section-boxed elementor-section-height-default elementor-section-height-default\" data-id=\"c8a8153\" data-element_type=\"section\" data-e-type=\"section\" data-settings=\"{&quot;background_background&quot;:&quot;classic&quot;,&quot;shape_divider_bottom&quot;:&quot;wave-brush&quot;}\">\n\t\t\t\t\t\t\t<div class=\"elementor-background-overlay\"><\/div>\n\t\t\t\t\t\t<div class=\"elementor-shape elementor-shape-bottom\" aria-hidden=\"true\" data-negative=\"false\">\n\t\t\t<svg xmlns=\"http:\/\/www.w3.org\/2000\/svg\" viewbox=\"0 0 283.5 27.8\" preserveaspectratio=\"none\">\n\t<path class=\"elementor-shape-fill\" d=\"M283.5,9.7c0,0-7.3,4.3-14,4.6c-6.8,0.3-12.6,0-20.9-1.5c-11.3-2-33.1-10.1-44.7-5.7\ts-12.1,4.6-18,7.4c-6.6,3.2-20,9.6-36.6,9.3C131.6,23.5,99.5,7.2,86.3,8c-1.4,0.1-6.6,0.8-10.5,2c-3.8,1.2-9.4,3.8-17,4.7\tc-3.2,0.4-8.3,1.1-14.2,0.9c-1.5-0.1-6.3-0.4-12-1.6c-5.7-1.2-11-3.1-15.8-3.7C6.5,9.2,0,10.8,0,10.8V0h283.5V9.7z M260.8,11.3\tc-0.7-1-2-0.4-4.3-0.4c-2.3,0-6.1-1.2-5.8-1.1c0.3,0.1,3.1,1.5,6,1.9C259.7,12.2,261.4,12.3,260.8,11.3z M242.4,8.6\tc0,0-2.4-0.2-5.6-0.9c-3.2-0.8-10.3-2.8-15.1-3.5c-8.2-1.1-15.8,0-15.1,0.1c0.8,0.1,9.6-0.6,17.6,1.1c3.3,0.7,9.3,2.2,12.4,2.7\tC239.9,8.7,242.4,8.6,242.4,8.6z M185.2,8.5c1.7-0.7-13.3,4.7-18.5,6.1c-2.1,0.6-6.2,1.6-10,2c-3.9,0.4-8.9,0.4-8.8,0.5\tc0,0.2,5.8,0.8,11.2,0c5.4-0.8,5.2-1.1,7.6-1.6C170.5,14.7,183.5,9.2,185.2,8.5z M199.1,6.9c0.2,0-0.8-0.4-4.8,1.1\tc-4,1.5-6.7,3.5-6.9,3.7c-0.2,0.1,3.5-1.8,6.6-3C197,7.5,199,6.9,199.1,6.9z M283,6c-0.1,0.1-1.9,1.1-4.8,2.5s-6.9,2.8-6.7,2.7\tc0.2,0,3.5-0.6,7.4-2.5C282.8,6.8,283.1,5.9,283,6z M31.3,11.6c0.1-0.2-1.9-0.2-4.5-1.2s-5.4-1.6-7.8-2C15,7.6,7.3,8.5,7.7,8.6\tC8,8.7,15.9,8.3,20.2,9.3c2.2,0.5,2.4,0.5,5.7,1.6S31.2,11.9,31.3,11.6z M73,9.2c0.4-0.1,3.5-1.6,8.4-2.6c4.9-1.1,8.9-0.5,8.9-0.8\tc0-0.3-1-0.9-6.2-0.3S72.6,9.3,73,9.2z M71.6,6.7C71.8,6.8,75,5.4,77.3,5c2.3-0.3,1.9-0.5,1.9-0.6c0-0.1-1.1-0.2-2.7,0.2\tC74.8,5.1,71.4,6.6,71.6,6.7z M93.6,4.4c0.1,0.2,3.5,0.8,5.6,1.8c2.1,1,1.8,0.6,1.9,0.5c0.1-0.1-0.8-0.8-2.4-1.3\tC97.1,4.8,93.5,4.2,93.6,4.4z M65.4,11.1c-0.1,0.3,0.3,0.5,1.9-0.2s2.6-1.3,2.2-1.2s-0.9,0.4-2.5,0.8C65.3,10.9,65.5,10.8,65.4,11.1\tz M34.5,12.4c-0.2,0,2.1,0.8,3.3,0.9c1.2,0.1,2,0.1,2-0.2c0-0.3-0.1-0.5-1.6-0.4C36.6,12.8,34.7,12.4,34.5,12.4z M152.2,21.1\tc-0.1,0.1-2.4-0.3-7.5-0.3c-5,0-13.6-2.4-17.2-3.5c-3.6-1.1,10,3.9,16.5,4.1C150.5,21.6,152.3,21,152.2,21.1z\"\/>\n\t<path class=\"elementor-shape-fill\" d=\"M269.6,18c-0.1-0.1-4.6,0.3-7.2,0c-7.3-0.7-17-3.2-16.6-2.9c0.4,0.3,13.7,3.1,17,3.3\tC267.7,18.8,269.7,18,269.6,18z\"\/>\n\t<path class=\"elementor-shape-fill\" d=\"M227.4,9.8c-0.2-0.1-4.5-1-9.5-1.2c-5-0.2-12.7,0.6-12.3,0.5c0.3-0.1,5.9-1.8,13.3-1.2\tS227.6,9.9,227.4,9.8z\"\/>\n\t<path class=\"elementor-shape-fill\" d=\"M204.5,13.4c-0.1-0.1,2-1,3.2-1.1c1.2-0.1,2,0,2,0.3c0,0.3-0.1,0.5-1.6,0.4\tC206.4,12.9,204.6,13.5,204.5,13.4z\"\/>\n\t<path class=\"elementor-shape-fill\" d=\"M201,10.6c0-0.1-4.4,1.2-6.3,2.2c-1.9,0.9-6.2,3.1-6.1,3.1c0.1,0.1,4.2-1.6,6.3-2.6\tS201,10.7,201,10.6z\"\/>\n\t<path class=\"elementor-shape-fill\" d=\"M154.5,26.7c-0.1-0.1-4.6,0.3-7.2,0c-7.3-0.7-17-3.2-16.6-2.9c0.4,0.3,13.7,3.1,17,3.3\tC152.6,27.5,154.6,26.8,154.5,26.7z\"\/>\n\t<path class=\"elementor-shape-fill\" d=\"M41.9,19.3c0,0,1.2-0.3,2.9-0.1c1.7,0.2,5.8,0.9,8.2,0.7c4.2-0.4,7.4-2.7,7-2.6\tc-0.4,0-4.3,2.2-8.6,1.9c-1.8-0.1-5.1-0.5-6.7-0.4S41.9,19.3,41.9,19.3z\"\/>\n\t<path class=\"elementor-shape-fill\" d=\"M75.5,12.6c0.2,0.1,2-0.8,4.3-1.1c2.3-0.2,2.1-0.3,2.1-0.5c0-0.1-1.8-0.4-3.4,0\tC76.9,11.5,75.3,12.5,75.5,12.6z\"\/>\n\t<path class=\"elementor-shape-fill\" d=\"M15.6,13.2c0-0.1,4.3,0,6.7,0.5c2.4,0.5,5,1.9,5,2c0,0.1-2.7-0.8-5.1-1.4\tC19.9,13.7,15.7,13.3,15.6,13.2z\"\/>\n<\/svg>\t\t<\/div>\n\t\t\t\t\t<div class=\"elementor-container elementor-column-gap-default\">\n\t\t\t\t\t<div class=\"elementor-column elementor-col-100 elementor-top-column elementor-element elementor-element-05e7fe5\" data-id=\"05e7fe5\" data-element_type=\"column\" data-e-type=\"column\" data-settings=\"{&quot;background_background&quot;:&quot;classic&quot;}\">\n\t\t\t<div class=\"elementor-widget-wrap elementor-element-populated\">\n\t\t\t\t\t\t<div class=\"elementor-element elementor-element-eb5ce99 elementor-widget elementor-widget-spacer\" data-id=\"eb5ce99\" data-element_type=\"widget\" data-e-type=\"widget\" data-widget_type=\"spacer.default\">\n\t\t\t\t<div class=\"elementor-widget-container\">\n\t\t\t\t\t\t\t<div class=\"elementor-spacer\">\n\t\t\t<div class=\"elementor-spacer-inner\"><\/div>\n\t\t<\/div>\n\t\t\t\t\t\t<\/div>\n\t\t\t\t<\/div>\n\t\t\t\t<div class=\"elementor-element elementor-element-d6dbc23 elementor-widget elementor-widget-text-editor\" data-id=\"d6dbc23\" data-element_type=\"widget\" data-e-type=\"widget\" data-widget_type=\"text-editor.default\">\n\t\t\t\t<div class=\"elementor-widget-container\">\n\t\t\t\t\t\t\t\t\t<p>SOBRE NOSOTROS<\/p>\t\t\t\t\t\t\t\t<\/div>\n\t\t\t\t<\/div>\n\t\t\t\t<div class=\"elementor-element elementor-element-1a2d81b elementor-widget elementor-widget-spacer\" data-id=\"1a2d81b\" data-element_type=\"widget\" data-e-type=\"widget\" data-widget_type=\"spacer.default\">\n\t\t\t\t<div class=\"elementor-widget-container\">\n\t\t\t\t\t\t\t<div class=\"elementor-spacer\">\n\t\t\t<div class=\"elementor-spacer-inner\"><\/div>\n\t\t<\/div>\n\t\t\t\t\t\t<\/div>\n\t\t\t\t<\/div>\n\t\t\t\t\t<\/div>\n\t\t<\/div>\n\t\t\t\t\t<\/div>\n\t\t<\/section>\n\t\t\t\t<section class=\"elementor-section elementor-top-section elementor-element elementor-element-c84d4a3 elementor-section-boxed elementor-section-height-default elementor-section-height-default\" data-id=\"c84d4a3\" data-element_type=\"section\" data-e-type=\"section\">\n\t\t\t\t\t\t<div class=\"elementor-container elementor-column-gap-default\">\n\t\t\t\t\t<div class=\"elementor-column elementor-col-100 elementor-top-column elementor-element elementor-element-bdb72ab\" data-id=\"bdb72ab\" data-element_type=\"column\" data-e-type=\"column\" data-settings=\"{&quot;background_background&quot;:&quot;classic&quot;}\">\n\t\t\t<div class=\"elementor-widget-wrap elementor-element-populated\">\n\t\t\t\t\t\t<div class=\"elementor-element elementor-element-958843a elementor-widget elementor-widget-text-editor\" data-id=\"958843a\" data-element_type=\"widget\" data-e-type=\"widget\" data-widget_type=\"text-editor.default\">\n\t\t\t\t<div class=\"elementor-widget-container\">\n\t\t\t\t\t\t\t\t\t<p>ACERCA DE <a href=\"https:\/\/cozumelliving.com\/es\/\">VIDA EN COZUMEL <\/a><img decoding=\"async\" class=\"alignnone wp-image-23804\" src=\"https:\/\/cozumelliving.com\/wp-content\/uploads\/2023\/05\/cropped-cropped-cropped-cropped-cropped-COZUMELLIVINGFAVICON.png\" alt=\"Cozumel living bienes ra\u00edces condominios de lujo propiedades frente a la playa vida en la isla hgtv Nancy edwards Propiedades en Cozumel palmeras condominios para retiro villas desarrollos lotes terrenos\" width=\"25\" height=\"25\" srcset=\"https:\/\/cozumelliving.com\/wp-content\/uploads\/2023\/05\/cropped-cropped-cropped-cropped-cropped-COZUMELLIVINGFAVICON.png 512w, https:\/\/cozumelliving.com\/wp-content\/uploads\/2023\/05\/cropped-cropped-cropped-cropped-cropped-COZUMELLIVINGFAVICON-300x300.png 300w, https:\/\/cozumelliving.com\/wp-content\/uploads\/2023\/05\/cropped-cropped-cropped-cropped-cropped-COZUMELLIVINGFAVICON-150x150.png 150w, https:\/\/cozumelliving.com\/wp-content\/uploads\/2023\/05\/cropped-cropped-cropped-cropped-cropped-COZUMELLIVINGFAVICON-12x12.png 12w, https:\/\/cozumelliving.com\/wp-content\/uploads\/2023\/05\/cropped-cropped-cropped-cropped-cropped-COZUMELLIVINGFAVICON-496x496.png 496w, https:\/\/cozumelliving.com\/wp-content\/uploads\/2023\/05\/elementor\/thumbs\/cropped-cropped-cropped-cropped-cropped-COZUMELLIVINGFAVICON-qfeub92qkebgzqzixw8w6f9byh990ew3upamg4eei0.png 100w, https:\/\/cozumelliving.com\/wp-content\/uploads\/2023\/05\/elementor\/thumbs\/cropped-cropped-cropped-cropped-cropped-COZUMELLIVINGFAVICON-qfeub92pygx96qwnqftb4du5ft5foja8wt01df5shg.png 50w\" sizes=\"(max-width: 25px) 100vw, 25px\" \/><\/p>\t\t\t\t\t\t\t\t<\/div>\n\t\t\t\t<\/div>\n\t\t\t\t<div class=\"elementor-element elementor-element-c8b747f elementor-widget elementor-widget-text-editor\" data-id=\"c8b747f\" data-element_type=\"widget\" data-e-type=\"widget\" data-widget_type=\"text-editor.default\">\n\t\t\t\t<div class=\"elementor-widget-container\">\n\t\t\t\t\t\t\t\t\t<p><a href=\"https:\/\/cozumelliving.com\/es\/contactenos\/\"><strong>C\u00f3mo comenz\u00f3 Cozumel Living Real Estate<\/strong><\/a><\/p>\t\t\t\t\t\t\t\t<\/div>\n\t\t\t\t<\/div>\n\t\t\t\t<div class=\"elementor-element elementor-element-0e21850 elementor-widget elementor-widget-text-editor\" data-id=\"0e21850\" data-element_type=\"widget\" data-e-type=\"widget\" data-widget_type=\"text-editor.default\">\n\t\t\t\t<div class=\"elementor-widget-container\">\n\t\t\t\t\t\t\t\t\t<p><span class=\"style245\">Cozumel Living Real Estate es una corporaci\u00f3n mexicana formada en 2001 por Nancy Edwards, ciudadana estadounidense de Dallas, Texas. Nancy fue contratada por Century 21 en Cozumel en 1996 y se capacit\u00f3 y trabaj\u00f3 para ellos durante m\u00e1s de 4 a\u00f1os antes de abrir su propia empresa. Nancy ahora es ciudadana mexicana adem\u00e1s de estadounidense.<\/span><\/p><div class=\"style245\">\u00a0<\/div><div class=\"style245\">A partir de febrero de 2001, se form\u00f3 Cozumel Living. Los primeros 2 a\u00f1os se oper\u00f3 desde la casa de Nancy y en el 2003 luego de que Century 21 cerrara sus puertas, ella se mud\u00f3 a su antiguo local en Melgar Avenida sobre el mar para tener m\u00e1s espacio y seguir creciendo y brindando un servicio personalizado de calidad a los clientes. Cozumel Living se mud\u00f3 en 2010 y est\u00e1 ubicado en la Calle 23 Sur al final de la Av. 15 Bis. El equipo es peque\u00f1o pero trabaja duro para brindar el mejor servicio profesional posible en la isla.<\/div><div class=\"style245\">\u00a0<\/div><div class=\"style245\"><p>Cozumel Living es la empresa m\u00e1s antigua, consolidada, fiable <strong><a href=\"https:\/\/cozumelliving.com\/es\/\">empresa inmobiliaria en Cozumel<\/a><\/strong>.  Con la reputaci\u00f3n de Nancy para pasar siempre 100% t\u00edtulo claro, nunca perder a nadie ning\u00fan dinero, su \u00e9tica de trabajo incansable, ella ha construido un gran negocio basado en referencias.  La p\u00e1gina web de Cozumel Living\u00a0<a href=\"https:\/\/cozumelliving.com\/es\/\" target=\"_blank\" rel=\"noopener\" data-saferedirecturl=\"https:\/\/www.google.com\/url?q=https:\/\/cozumelliving.com&amp;source=gmail&amp;ust=1674148690781000&amp;usg=AOvVaw03CRur8rxU-50Hyslz6jad\">www.cozumelliving.com<\/a>\u00a0siempre est\u00e1 actualizado. Si nos contactan para mostrar la propiedad, nos adaptamos de inmediato y nos damos cuenta de que las personas generalmente solo est\u00e1n de visita y tienen poco tiempo disponible para encontrar su lugar especial en Paradise. Se env\u00eda un bolet\u00edn mensual el primer d\u00eda de cada mes a nuestra lista de correo de m\u00e1s de 5000 clientes y creciendo. Cozumel Living ofrece los listados m\u00e1s exclusivos y sabe lo que est\u00e1n vendiendo. Sin sorpresas para compradores o vendedores.<\/p><\/div><div class=\"style245\">Como resultado, los notarios recomiendan Cozumel Living y tenemos cierres exitosos y m\u00e1s r\u00e1pidos que la mayor\u00eda porque entregamos nuestra documentaci\u00f3n a tiempo y Santiago es un genio para trabajar con los notarios.<\/div><div class=\"style245\"><div class=\"style245\"><p><span class=\"style894\"><br \/>\u00a1Muchos clientes han realizado posteriormente SEGUNDA y TERCERA compra!<br \/><\/span><\/p><\/div><div class=\"style245\">\u00a0<\/div><\/div><div class=\"style245\">Ven a visitarnos, ll\u00e1manos, whatsapp o env\u00edanos un correo electr\u00f3nico. Nos aseguraremos de que tengas toda la informaci\u00f3n necesaria para ayudarte a tener una compra o venta productiva, gratificante y \u00e9tica. \u00a1Perm\u00edtanos hacer realidad sus sue\u00f1os en el Para\u00edso en Cozumel Living Real Estate! \u00a0<\/div>\t\t\t\t\t\t\t\t<\/div>\n\t\t\t\t<\/div>\n\t\t\t\t<div class=\"elementor-element elementor-element-1b567c0 elementor-align-center elementor-widget elementor-widget-button\" data-id=\"1b567c0\" data-element_type=\"widget\" data-e-type=\"widget\" data-widget_type=\"button.default\">\n\t\t\t\t<div class=\"elementor-widget-container\">\n\t\t\t\t\t\t\t\t\t<div class=\"elementor-button-wrapper\">\n\t\t\t\t\t<a class=\"elementor-button elementor-button-link elementor-size-sm\" href=\"https:\/\/cozumelliving.com\/es\">\n\t\t\t\t\t\t<span class=\"elementor-button-content-wrapper\">\n\t\t\t\t\t\t\t\t\t<span class=\"elementor-button-text\">\u00a1Conoce a nuestro equipo de profesionales calificados! Cont\u00e1ctenos<\/span>\n\t\t\t\t\t<\/span>\n\t\t\t\t\t<\/a>\n\t\t\t\t<\/div>\n\t\t\t\t\t\t\t\t<\/div>\n\t\t\t\t<\/div>\n\t\t\t\t<div class=\"elementor-element elementor-element-a3a792d elementor-widget elementor-widget-spacer\" data-id=\"a3a792d\" data-element_type=\"widget\" data-e-type=\"widget\" data-widget_type=\"spacer.default\">\n\t\t\t\t<div class=\"elementor-widget-container\">\n\t\t\t\t\t\t\t<div class=\"elementor-spacer\">\n\t\t\t<div class=\"elementor-spacer-inner\"><\/div>\n\t\t<\/div>\n\t\t\t\t\t\t<\/div>\n\t\t\t\t<\/div>\n\t\t\t\t<div class=\"elementor-element elementor-element-6533b9f elementor-widget elementor-widget-text-editor\" data-id=\"6533b9f\" data-element_type=\"widget\" data-e-type=\"widget\" data-widget_type=\"text-editor.default\">\n\t\t\t\t<div class=\"elementor-widget-container\">\n\t\t\t\t\t\t\t\t\t<p>REFERENCIAS DE CLIENTES<\/p>\t\t\t\t\t\t\t\t<\/div>\n\t\t\t\t<\/div>\n\t\t\t\t<div class=\"elementor-element elementor-element-e7eb2e0 elementor-widget elementor-widget-text-editor\" data-id=\"e7eb2e0\" data-element_type=\"widget\" data-e-type=\"widget\" data-widget_type=\"text-editor.default\">\n\t\t\t\t<div class=\"elementor-widget-container\">\n\t\t\t\t\t\t\t\t\t<p><strong>\u00a1MIRA LO QUE NUESTROS CLIENTES PIENSAN DE NOSOTROS!<\/strong><\/p>\t\t\t\t\t\t\t\t<\/div>\n\t\t\t\t<\/div>\n\t\t\t\t<div class=\"elementor-element elementor-element-6c4cb79 elementor-widget elementor-widget-spacer\" data-id=\"6c4cb79\" data-element_type=\"widget\" data-e-type=\"widget\" data-widget_type=\"spacer.default\">\n\t\t\t\t<div class=\"elementor-widget-container\">\n\t\t\t\t\t\t\t<div class=\"elementor-spacer\">\n\t\t\t<div class=\"elementor-spacer-inner\"><\/div>\n\t\t<\/div>\n\t\t\t\t\t\t<\/div>\n\t\t\t\t<\/div>\n\t\t\t\t\t<\/div>\n\t\t<\/div>\n\t\t\t\t\t<\/div>\n\t\t<\/section>\n\t\t\t\t<section class=\"elementor-section elementor-top-section elementor-element elementor-element-06b587a elementor-section-boxed elementor-section-height-default elementor-section-height-default\" data-id=\"06b587a\" data-element_type=\"section\" data-e-type=\"section\">\n\t\t\t\t\t\t<div class=\"elementor-container elementor-column-gap-default\">\n\t\t\t\t\t<div class=\"elementor-column elementor-col-100 elementor-top-column elementor-element elementor-element-1a2c9f1\" data-id=\"1a2c9f1\" data-element_type=\"column\" data-e-type=\"column\">\n\t\t\t<div class=\"elementor-widget-wrap elementor-element-populated\">\n\t\t\t\t\t\t<div class=\"elementor-element elementor-element-00569b5 elementor-shape-rounded elementor-grid-0 e-grid-align-center elementor-widget elementor-widget-social-icons\" data-id=\"00569b5\" data-element_type=\"widget\" data-e-type=\"widget\" data-widget_type=\"social-icons.default\">\n\t\t\t\t<div class=\"elementor-widget-container\">\n\t\t\t\t\t\t\t<div class=\"elementor-social-icons-wrapper elementor-grid\">\n\t\t\t\t\t\t\t<span class=\"elementor-grid-item\">\n\t\t\t\t\t<a class=\"elementor-icon elementor-social-icon elementor-social-icon-facebook elementor-repeater-item-7be14c7\" href=\"https:\/\/www.facebook.com\/CozumelLiving\/\" target=\"_blank\" rel=\"noopener\">\n\t\t\t\t\t\t<span class=\"elementor-screen-only\">Facebook<\/span>\n\t\t\t\t\t\t<i aria-hidden=\"true\" class=\"fab fa-facebook\"><\/i>\t\t\t\t\t<\/a>\n\t\t\t\t<\/span>\n\t\t\t\t\t<\/div>\n\t\t\t\t\t\t<\/div>\n\t\t\t\t<\/div>\n\t\t\t\t\t<\/div>\n\t\t<\/div>\n\t\t\t\t\t<\/div>\n\t\t<\/section>\n\t\t\t\t<\/div>","protected":false},"excerpt":{"rendered":"<p>ABOUT US ABOUT COZUMEL LIVING How Cozumel Living Real Estate Started Cozumel Living Real Estate is a Mexican corporation formed in 2001 by Nancy Edwards, a US citizen from Dallas, Texas. \u00a0Nancy was employed by Century 21 In Cozumel in 1996 and was trained and worked for them for over 4 years before opening her [&hellip;]<\/p>\n","protected":false},"author":7,"featured_media":23804,"parent":0,"menu_order":0,"comment_status":"closed","ping_status":"closed","template":"elementor_header_footer","meta":{"footnotes":""},"class_list":["post-19999","page","type-page","status-publish","has-post-thumbnail","hentry"],"_links":{"self":[{"href":"https:\/\/cozumelliving.com\/es\/wp-json\/wp\/v2\/pages\/19999","targetHints":{"allow":["GET"]}}],"collection":[{"href":"https:\/\/cozumelliving.com\/es\/wp-json\/wp\/v2\/pages"}],"about":[{"href":"https:\/\/cozumelliving.com\/es\/wp-json\/wp\/v2\/types\/page"}],"author":[{"embeddable":true,"href":"https:\/\/cozumelliving.com\/es\/wp-json\/wp\/v2\/users\/7"}],"replies":[{"embeddable":true,"href":"https:\/\/cozumelliving.com\/es\/wp-json\/wp\/v2\/comments?post=19999"}],"version-history":[{"count":5,"href":"https:\/\/cozumelliving.com\/es\/wp-json\/wp\/v2\/pages\/19999\/revisions"}],"predecessor-version":[{"id":29421,"href":"https:\/\/cozumelliving.com\/es\/wp-json\/wp\/v2\/pages\/19999\/revisions\/29421"}],"wp:featuredmedia":[{"embeddable":true,"href":"https:\/\/cozumelliving.com\/es\/wp-json\/wp\/v2\/media\/23804"}],"wp:attachment":[{"href":"https:\/\/cozumelliving.com\/es\/wp-json\/wp\/v2\/media?parent=19999"}],"curies":[{"name":"wp","href":"https:\/\/api.w.org\/{rel}","templated":true}]}}